{"id":11766,"date":"2016-03-14T16:52:52","date_gmt":"2016-03-14T15:52:52","guid":{"rendered":"https:\/\/www.massimonava.it\/?page_id=11766"},"modified":"2020-05-20T12:57:48","modified_gmt":"2020-05-20T10:57:48","slug":"consigliati","status":"publish","type":"page","link":"https:\/\/www.massimonava.it\/?page_id=11766","title":{"rendered":"Consigliati"},"content":{"rendered":"<div class=\"fusion-fullwidth fullwidth-box fusion-builder-row-1 hundred-percent-fullwidth non-hundred-percent-height-scrolling\" style=\"--awb-border-radius-top-left:0px;--awb-border-radius-top-right:0px;--awb-border-radius-bottom-right:0px;--awb-border-radius-bottom-left:0px;--awb-overflow:visible;--awb-flex-wrap:wrap;\" ><div class=\"fusion-builder-row fusion-row\"><div class=\"fusion-layout-column fusion_builder_column fusion-builder-column-0 fusion_builder_column_3_4 3_4 fusion-three-fourth fusion-column-first\" style=\"--awb-bg-size:cover;width:74%; margin-right: 4%;\"><div class=\"fusion-column-wrapper fusion-flex-column-wrapper-legacy\"><div class=\"fusion-title title fusion-title-1 fusion-sep-none fusion-title-text fusion-title-size-two\"><h2 class=\"fusion-title-heading title-heading-left\" style=\"margin:0;\">LINK<\/h2><\/div><div class=\"fusion-text fusion-text-1\"><p><strong><a href=\"https:\/\/www.facebook.com\/ISPIonline\/posts\/1412471902138071:0\">ISPI| Istituto degli Studi di Politica Internazionale<\/a><\/strong><\/p>\n<p><a href=\"https:\/\/essay.ispionline.it\/?page_id=401\"><strong>Artico<\/strong><\/a> &#8211; una zona\u00a0del mondo con ruolo strategico centrale, sia per la posizione geografica che per le immense risorse, a cui l&#8217;ISPI dedica il suo primo longread: una nuova modalit\u00e0 per conoscere ed esplorare un&#8217;area emergente della geopolitica mondiale.<\/p>\n<p><strong><a href=\"http:\/\/www.eunews.it\/\" target=\"_blank\" rel=\"noopener noreferrer\">Eunews<\/a><\/strong><\/p>\n<p><strong><a href=\"https:\/\/www.ipinst.org\/2016\/11\/lost-in-transition-un-mediation-in-libya-syria-and-yemen\">IPI International Peace Institute<\/a><\/strong><\/p>\n<p><a href=\"http:\/\/www.marcelproust.it\/luoghi\/cabourg_nava.htm\"><strong>www.marcelproust.it<\/strong><\/a><\/p>\n<p><strong><a href=\"http:\/\/www.lepoint.fr\/medias\/hoog-afp-le-monde-de-l-information-a-perdu-la-tete-et-la-boussole-14-12-2016-2090270_260.php?M_BT=2427755983&amp;m_i=szp0TZ3GkxG7oSSnhmGNomAx8k6VmxxMOeuaLIi4eM_CP%2BkAKTnvNmlFGQPUxVJ6GN0omOt%2BCqoatQvjluivaDiksGexsm#xtor=EPR-6-&#091;Newsletter-Matinale&#093;-20161214\">www.lepoint.fr<\/a><\/strong><\/p>\n<p><a href=\"https:\/\/alexbellini.com\"><strong>www.alexbellini.com<\/strong><\/a><\/p>\n<\/div><div class=\"fusion-sep-clear\"><\/div><div class=\"fusion-separator fusion-full-width-sep\" style=\"margin-left: auto;margin-right: auto;margin-top:20px;margin-bottom:20px;width:100%;\"><div class=\"fusion-separator-border sep-single sep-solid\" style=\"--awb-height:20px;--awb-amount:20px;border-color:#e0dede;border-top-width:1px;\"><\/div><\/div><div class=\"fusion-sep-clear\"><\/div><div class=\"fusion-title title fusion-title-2 fusion-sep-none fusion-title-text fusion-title-size-two\"><h2 class=\"fusion-title-heading title-heading-left\" style=\"margin:0;\">ARTICOLI<\/h2><\/div><div class=\"fusion-text fusion-text-2\"><p><a href=\"https:\/\/www.massimonava.it\/wp-content\/uploads\/2020\/05\/MAG-04.05.2020-Intervista-Enrico-Castaldi.pdf\"><strong>Intervista a Enrico Castaldi: cos\u00ec inizia la nostra fase 2\u00a0<\/strong><\/a><\/p>\n<p><a href=\"https:\/\/www.nature.com\/articles\/s41598-019-49400-w.pdf\"><strong>The earliest evidence of Acheulian occupation in northwest europe and the rediscovery of the Moulin Quignon site, Somme valley, France<\/strong><\/a><\/p>\n<p><a href=\"https:\/\/www.ilpost.it\/2018\/12\/10\/matteo-salvini-fascismo-estrema-destra\/\"><strong>L&#8217;estremista<\/strong><\/a><\/p>\n<p><a href=\"https:\/\/www.massimonava.it\/wp-content\/uploads\/2016\/03\/Vladimir-Poutine-parrain-de-l\u2019extr\u00eame-droite-europ\u00e9enne.pdf\"><strong>Vladimir Poutine, parrain de l&#8217;extreme droite europ\u00e9enne<\/strong><\/a><\/p>\n<p><a href=\"https:\/\/www.agi.it\/blog-italia\/marco-pratellesi\/trafficanti_di_dati_giornalismo-5766875\/post\/2019-07-03\/\"><strong>Il giornalismo e i trafficanti di dati<\/strong><\/a><\/p>\n<p><strong><a href=\"https:\/\/www.ilfattoquotidiano.it\/2019\/03\/06\/in-italia-si-stampano-troppi-libri-forse-e-il-caso-di-smetterla\/5016263\/\">In Italia si stampano troppi libri. Forse \u00e8 il caso di smettere<\/a><\/strong><\/p>\n<p><a href=\"https:\/\/www.ilfattoquotidiano.it\/2019\/02\/01\/il-conto-vendita-ammazza-leditoria\/4941401\/\"><strong>Il conto vendita ammazza l&#8217;editoria<\/strong><\/a><\/p>\n<p><a href=\"http:\/\/www.lefigaro.fr\/conjoncture\/2019\/03\/19\/20002-20190319ARTFIG00180-la-strategie-economique-de-pekin-prospere-dans-une-europe-divisee.php\"><b>L&#8217;expansionnisme \u00e9conomique de la Chine bouscule l&#8217;Europe<\/b><\/a><\/p>\n<p><a href=\"https:\/\/www.bbc.com\/news\/world-europe-47640196\"><strong>Italy takes a shine to China&#8217;s New Silk Road<\/strong><\/a><\/p>\n<p><a href=\"https:\/\/www.ilsole24ore.com\/art\/finanza-e-mercati\/2019-03-21\/l-europa-e-paese-vecchi-ecco-perche-bce-non-riesce-far-ripartire-da-10-anni-l-inflazione-071547.shtml?uuid=ABSMYVgB\"><strong>L&#8217;Europa \u00e8 un paese per vecchi. Ecco perch\u00e9 la BCE non riesce a far ripartire (da 10 anni l&#8217;inflazione).<\/strong><\/a><\/p>\n<p><a href=\"https:\/\/www.lemonde.fr\/m-le-mag\/article\/2019\/02\/22\/a-paris-le-long-exil-de-l-extreme-gauche-italienne_5426538_4500055.html\"><strong>A Paris, le long exil de l\u2019extr\u00eame gauche italienne<\/strong><\/a><\/p>\n<p><a href=\"https:\/\/www.lemonde.fr\/societe\/article\/2019\/02\/05\/suicide-7-2-des-francais-ages-de-18-a-75-ans-ont-deja-tente-de-mettre-fin-a-leurs-jours_5419239_3224.html\"><strong>Suicide\u00a0: 7,2\u00a0% des Fran\u00e7ais \u00e2g\u00e9s de 18 \u00e0 75\u00a0ans ont d\u00e9j\u00e0 tent\u00e9 de mettre fin \u00e0 leurs jours<\/strong><\/a><\/p>\n<p><a href=\"http:\/\/www.europeainfo.eu\/il-franco-fca-un-caso-di-neocolonialismo\/\"><strong>Il franco FCA: un caso di neocolonialismo?<\/strong><\/a><\/p>\n<p><a href=\"https:\/\/www.mentepolitica.it\/articolo\/alla-ricerca-della-democrazia-a-5-stelle\/1518\"><strong>Alla ricerca della democrazia a 5 stelle<\/strong><\/a><\/p>\n<p><a href=\"http:\/\/www.vittimeterrorismo.it\/iniziative\/la-vicenda-giudiziaria-di-cesare-battisti-superlatitante-degli-anni-di-piombo\/\"><strong>La vicenda giudiziaria di Cesare Battisti, super latitante degli anni di piombo<\/strong><\/a><\/p>\n<p><a href=\"https:\/\/mariellaromano.com\/2019\/01\/09\/si-chiama-scorz-e-puo-cambiare-la-notte-dei-clochar-a-napoli-i-volontari-inventano-il-rifugio-di-cartone-per-chi-non-ha-fissa-dimora\/\"><strong>Si chiama Scorz e pu\u00f2 cambiare la notte dei clochard<\/strong><\/a><\/p>\n<p><strong><a href=\"https:\/\/www.mentepolitica.it\/articolo\/quello-che-resta-del-pensiero-di-zygmunt-bauman\/1506\">Quello che resta del pensiero di Zygmunt Bauman<\/a><\/strong><\/p>\n<p><strong><a href=\"http:\/\/www.corriere.it\/cronache\/18_dicembre_23\/natale-fessi-natale-furbi-d023a436-05d2-11e9-99d9-d1eb9e394c1a.shtml\">Il Natale dei fessi, il Natale dei furbi<\/a><\/strong><\/p>\n<p><a href=\"https:\/\/www.mentepolitica.it\/articolo\/la-italia-cattiva-del-52-rapporto-censis\/1504?fbclid=IwAR1jEOLnK90LeRy9MdNifplg--FkF_FZOtSE9-IGGkMV1CcNFOxUPASR8zk\"><strong>L&#8217;Italia cattiva del 52\u00b0 rapporto Censis<\/strong>\u00a0<\/a><\/p>\n<p><strong><a href=\"https:\/\/www.liberation.fr\/debats\/2018\/12\/05\/michel-pastoureau-le-jaune-est-la-couleur-des-trompeurs-mais-aussi-des-trompes_1696222\">Michel Pastoureau: &#8220;Le jaune est la couleur des trompeurs mais aussi des tromp\u00e9s&#8221;<\/a><\/strong><\/p>\n<p><a href=\"https:\/\/www.ilfoglio.it\/politica\/2018\/11\/30\/news\/figli-e-stelle-cadenti-il-caso-calabresi-227024\/\"><strong>Figli e stelle cadenti<\/strong><\/a><\/p>\n<p><a href=\"https:\/\/alexbellini.com\"><strong>Ecosistema urbano, ambiente e industria<\/strong><\/a><\/p>\n<p><strong><a href=\"http:\/\/www.inpiu.net\/e_la_stampa_bellezza\/20181022\/14272\/lazzardo_inefficace\/\">L&#8217;azzardo inefficace<\/a><\/strong><\/p>\n<p><strong><a href=\"https:\/\/www.lesechos.fr\/industrie-services\/industrie-lourde\/0302434023764-les-usines-de-la-planete-se-robotisent-a-marche-forcee-2214801.php\">Les usines de la plan\u00e8te se\u00a0robotisent \u00e0 marche forc\u00e9e<\/a>\u00a0<\/strong><\/p>\n<p><a href=\"https:\/\/amp.economist.com\/leaders\/2018\/10\/06\/why-italys-budget-plan-is-so-worrying?__twitter_impression=true\"><strong>Why Italy\u2019s budget plan is so worrying<\/strong><\/a><\/p>\n<p><a href=\"https:\/\/www.interris.it\/esteri\/vi-racconto-la-crisi-di-macron\"><strong>Vi racconto la crisi di Macron<\/strong><\/a><\/p>\n<p><a href=\"https:\/\/www.radioradicale.it\/scheda\/552813\/spazio-transnazionale\"><strong>Spazio transnazionale 25.09.2018<\/strong><\/a><\/p>\n<p><a href=\"https:\/\/www.lemonde.fr\/immigration-et-diversite\/article\/2018\/09\/24\/navire-aquarius-nous-n-arreterons-notre-mission-que-sous-la-force-et-la-contrainte_5359581_1654200.html\"><strong>Aquarius: &#8220;Nous n&#8217;arr\u00eaterons notre mission que sous la force et la contrainte&#8221;<\/strong><\/a><\/p>\n<p><a href=\"http:\/\/www.quotidiano.ilsole24ore.com\/art.php?t=S24&amp;i=20180909&amp;artid=4.1.534486732\"><strong>&#8220;Democrazia in bilico tra verit\u00e0 e menzogna&#8221;<\/strong><\/a><\/p>\n<p><a href=\"https:\/\/ugotramballi.blog.ilsole24ore.com\/2018\/08\/31\/profughi-e-magliari\/\"><strong>&#8220;Profughi e magliari&#8221;<\/strong><\/a><\/p>\n<p><a href=\"https:\/\/www.linkiesta.it\/it\/article\/2018\/08\/30\/la-cina-si-sta-comprando-litalia-e-noi-glielo-lasciamo-fare-perche-sia\/39266\/\"><strong>&#8220;La Cina si sta comprando l&#8217;Italia (e noi glielo lasciamo fare perch\u00e9 siamo nei guai)&#8221;<\/strong><\/a><\/p>\n<p><a href=\"https:\/\/www.ilfoglio.it\/politica\/2018\/08\/29\/news\/globalizzazione-europa-immigrazione-cosa-deve-insegnarci-lascesa-e-il-crollo-del-nazismo-211512\/\"><strong>&#8220;Cosa deve insegnarci l&#8217;ascesa (e il crollo del) Nazismo&#8221;<\/strong><\/a><\/p>\n<p><a href=\"https:\/\/rep.repubblica.it\/pwa\/intervista\/2018\/07\/07\/news\/camilleri_salvini_estremismo_fascismo-201166737\/\"><strong>&#8220;C&#8217;\u00e8 un brutto consenso per le tesi estremiste di Salvini che mi ricorda quello del 1937&#8221;<\/strong><\/a><\/p>\n<p><a href=\"https:\/\/www.remocontro.it\/2018\/07\/28\/lex-comunista-anti-khmer-rossi-riporta-la-cambogia-alla-dittatura\/\"><strong>&#8220;L&#8217;ex comunista khmer rossi riporta la Cambogia alla dittatura&#8221;\u00a0<\/strong><\/a><\/p>\n<p><a href=\"http:\/\/www.libertaeguale.it\/le-5-stelle-e-i-5-inganni-della-retorica-populista\/\"><strong>&#8220;Le cinque stelle (e i cinque inganni) della retorica populista&#8221;<\/strong><\/a><\/p>\n<p><a href=\"http:\/\/www.giardinodimarco.it\/news.htm\"><strong>&#8220;Luoghi comuni falsi sugli immigrati&#8221;<\/strong><\/a><\/p>\n<p><strong><a href=\"https:\/\/www.ispionline.it\/it\/pubblicazione\/cuore-ferito-dellafrica-la-crisi-del-congo-20812\">&#8220;Cuore ferito dell\u2019Africa: la crisi del Congo&#8221;<\/a><\/strong><\/p>\n<p><strong><a href=\"https:\/\/www.massimonava.it\/wp-admin\/post.php?post=11766&amp;action=edit\">&#8220;Le monde de l&#8217;information a perdu la t\u00eate et la bussole&#8221;<\/a><\/strong><\/p>\n<p><strong><a href=\"http:\/\/www.mentepolitica.it\/articolo\/i-perch-della-bassa-o-non-crescita-del-bel-paese\/1076\">&#8220;Il perch\u00e8 della bassa (o non) crescita del bel paese&#8221;<\/a><\/strong><\/p>\n<p><a href=\"http:\/\/www.mentepolitica.it\/articolo\/la-socialdemocrazia-al-capolinea\/1043\"><strong>&#8220;La socialdemocrazia al capolinea&#8221;<\/strong><\/a><\/p>\n<p><strong><a href=\"https:\/\/www.nytimes.com\/2017\/02\/19\/arts\/design\/has-the-art-market-become-an-unwitting-partner-in-crime.html?hpw&amp;rref=arts&amp;action=click&amp;pgtype=Homepage&amp;module=well-region%C2%AEion=bottom-well&amp;WT.nav=bottom-well&amp;_r=1\">&#8220;Has the Art Market Become an Unwritting Patner in Crime?&#8221;<\/a><\/strong><\/p>\n<p><strong><a href=\"https:\/\/networkpointzero.wordpress.com\/2017\/03\/24\/2017-le-coup-detat\/\">Le Coup d&#8217;\u00e9tat\u00a0\u00a0<\/a><\/strong><\/p>\n<p><strong><a href=\"https:\/\/www.massimonava.it\/la-presidentielle-de-toutes-les-incertitudes\/\">La pr\u00e9sidentielle de toutes les incertitudes<\/a><\/strong><\/p>\n<p id=\":11a\" class=\"hP\" tabindex=\"-1\"><strong><a href=\"http:\/\/www.ispionline.it\/it\/pubblicazione\/francia-corsa-quattro-un-pugno-di-voti-16616?platform=hootsuite\">Francia: corsa a quattro per un pugno di voti | ISPI<\/a><\/strong><\/p>\n<p id=\":li\" class=\"hP\" tabindex=\"-1\"><strong><a href=\"http:\/\/www.linkiesta.it\/it\/article\/2017\/04\/24\/massimo-nava-macron-come-napoleone-e-ora-la-francia-e-il-vero-laborato\/33961\/\">Massimo Nava: \u00abMacron come Napoleone. E ora la Francia \u00e8 il vero laboratorio politico europeo\u00bb| Linkiesta.it<\/a><\/strong><\/p>\n<\/div><div class=\"fusion-sep-clear\"><\/div><div class=\"fusion-separator fusion-full-width-sep\" style=\"margin-left: auto;margin-right: auto;margin-top:20px;margin-bottom:20px;width:100%;\"><div class=\"fusion-separator-border sep-single sep-solid\" style=\"--awb-height:20px;--awb-amount:20px;border-color:#e0dede;border-top-width:1px;\"><\/div><\/div><div class=\"fusion-sep-clear\"><\/div><div class=\"fusion-title title fusion-title-3 fusion-sep-none fusion-title-text fusion-title-size-two\"><h2 class=\"fusion-title-heading title-heading-left\" style=\"margin:0;\">SPETTACOLI, MOSTRE E CONCERTI<\/h2><\/div><div class=\"fusion-text fusion-text-3\"><p><strong>Roma, dal 12 al 17 febbraio<\/strong><\/p>\n<p><a href=\"http:\/\/off-offtheatre.com\/io-caravaggio\/\"><strong>OFF\/OFF Teatro di Roma<\/strong><\/a><\/p>\n<p>Spettacolo teatrale:<b> Io, Caravaggio<\/b><\/p>\n<p>Scritto e diretto da:<a href=\"https:\/\/www.facebook.com\/cesare.capitani.9\"><b> Cesare Capitani<\/b><\/a><\/p>\n<p>Presentato al Festival di Avignone e poi in numerosi teatri parigini (dal Th\u00e9\u00e2tre Lucernaire al Th\u00e9\u00e2tre de la Ga\u00eft\u00e9, fino al Th\u00e9\u00e2tre des Mathurins) lo spettacolo Io Caravaggio festeggia la sua cinquecentesima replica a Roma.<\/p>\n<p>Per informazioni su orari e biglietti cliccate <a href=\"http:\/\/off-offtheatre.com\/biglietti\/\">qui<\/a><\/p>\n<p><a href=\"https:\/\/www.massimonava.it\/wp-content\/uploads\/2016\/03\/Flyer-Caravage-Rome-choix.jpg\"><img decoding=\"async\" class=\"alignnone size-medium wp-image-13749\" src=\"https:\/\/www.massimonava.it\/wp-content\/uploads\/2016\/03\/Flyer-Caravage-Rome-choix-211x300.jpg\" alt=\"\" width=\"211\" height=\"300\" srcset=\"https:\/\/www.massimonava.it\/wp-content\/uploads\/2016\/03\/Flyer-Caravage-Rome-choix-200x284.jpg 200w, https:\/\/www.massimonava.it\/wp-content\/uploads\/2016\/03\/Flyer-Caravage-Rome-choix-211x300.jpg 211w, https:\/\/www.massimonava.it\/wp-content\/uploads\/2016\/03\/Flyer-Caravage-Rome-choix.jpg 225w\" sizes=\"(max-width: 211px) 100vw, 211px\" \/><\/a><\/p>\n<\/div><div class=\"fusion-clearfix\"><\/div><\/div><\/div><\/div><\/div>\n","protected":false},"excerpt":{"rendered":"","protected":false},"author":1,"featured_media":0,"parent":0,"menu_order":0,"comment_status":"closed","ping_status":"closed","template":"","meta":{"footnotes":""},"class_list":["post-11766","page","type-page","status-publish","hentry"],"yoast_head":"<!-- This site is optimized with the Yoast SEO plugin v27.4 - https:\/\/yoast.com\/product\/yoast-seo-wordpress\/ -->\n<title>Massimo Nava | Consigliati<\/title>\n<meta name=\"description\" content=\"Siti, link, articoli, mostre e eventi consigliati da Massimo Nava.\" \/>\n<meta name=\"robots\" content=\"index, follow, max-snippet:-1, max-image-preview:large, max-video-preview:-1\" \/>\n<link rel=\"canonical\" href=\"https:\/\/www.massimonava.it\/?page_id=11766\" \/>\n<meta property=\"og:locale\" content=\"it_IT\" \/>\n<meta property=\"og:type\" content=\"article\" \/>\n<meta property=\"og:title\" content=\"Massimo Nava | Consigliati\" \/>\n<meta property=\"og:description\" content=\"Siti, link, articoli, mostre e eventi consigliati da Massimo Nava.\" \/>\n<meta property=\"og:url\" content=\"https:\/\/www.massimonava.it\/?page_id=11766\" \/>\n<meta property=\"og:site_name\" content=\"Massimo Nava\" \/>\n<meta property=\"article:publisher\" content=\"https:\/\/www.facebook.com\/navamassimo50\/\" \/>\n<meta property=\"article:modified_time\" content=\"2020-05-20T10:57:48+00:00\" \/>\n<meta property=\"og:image\" content=\"https:\/\/www.massimonava.it\/wp-content\/uploads\/2016\/03\/Flyer-Caravage-Rome-choix-211x300.jpg\" \/>\n<meta name=\"twitter:label1\" content=\"Tempo di lettura stimato\" \/>\n\t<meta name=\"twitter:data1\" content=\"4 minuti\" \/>\n<script type=\"application\/ld+json\" class=\"yoast-schema-graph\">{\"@context\":\"https:\\\/\\\/schema.org\",\"@graph\":[{\"@type\":\"WebPage\",\"@id\":\"https:\\\/\\\/www.massimonava.it\\\/?page_id=11766\",\"url\":\"https:\\\/\\\/www.massimonava.it\\\/?page_id=11766\",\"name\":\"Massimo Nava | Consigliati\",\"isPartOf\":{\"@id\":\"https:\\\/\\\/www.massimonava.it\\\/#website\"},\"primaryImageOfPage\":{\"@id\":\"https:\\\/\\\/www.massimonava.it\\\/?page_id=11766#primaryimage\"},\"image\":{\"@id\":\"https:\\\/\\\/www.massimonava.it\\\/?page_id=11766#primaryimage\"},\"thumbnailUrl\":\"https:\\\/\\\/www.massimonava.it\\\/wp-content\\\/uploads\\\/2016\\\/03\\\/Flyer-Caravage-Rome-choix-211x300.jpg\",\"datePublished\":\"2016-03-14T15:52:52+00:00\",\"dateModified\":\"2020-05-20T10:57:48+00:00\",\"description\":\"Siti, link, articoli, mostre e eventi consigliati da Massimo Nava.\",\"breadcrumb\":{\"@id\":\"https:\\\/\\\/www.massimonava.it\\\/?page_id=11766#breadcrumb\"},\"inLanguage\":\"it-IT\",\"potentialAction\":[{\"@type\":\"ReadAction\",\"target\":[\"https:\\\/\\\/www.massimonava.it\\\/?page_id=11766\"]}]},{\"@type\":\"ImageObject\",\"inLanguage\":\"it-IT\",\"@id\":\"https:\\\/\\\/www.massimonava.it\\\/?page_id=11766#primaryimage\",\"url\":\"https:\\\/\\\/www.massimonava.it\\\/wp-content\\\/uploads\\\/2016\\\/03\\\/Flyer-Caravage-Rome-choix.jpg\",\"contentUrl\":\"https:\\\/\\\/www.massimonava.it\\\/wp-content\\\/uploads\\\/2016\\\/03\\\/Flyer-Caravage-Rome-choix.jpg\",\"width\":225,\"height\":320},{\"@type\":\"BreadcrumbList\",\"@id\":\"https:\\\/\\\/www.massimonava.it\\\/?page_id=11766#breadcrumb\",\"itemListElement\":[{\"@type\":\"ListItem\",\"position\":1,\"name\":\"Home\",\"item\":\"https:\\\/\\\/www.massimonava.it\\\/\"},{\"@type\":\"ListItem\",\"position\":2,\"name\":\"Consigliati\"}]},{\"@type\":\"WebSite\",\"@id\":\"https:\\\/\\\/www.massimonava.it\\\/#website\",\"url\":\"https:\\\/\\\/www.massimonava.it\\\/\",\"name\":\"Massimo Nava\",\"description\":\"in diretta\",\"publisher\":{\"@id\":\"https:\\\/\\\/www.massimonava.it\\\/#\\\/schema\\\/person\\\/99c74b9deed0ff5d5bcd4addb7fba497\"},\"potentialAction\":[{\"@type\":\"SearchAction\",\"target\":{\"@type\":\"EntryPoint\",\"urlTemplate\":\"https:\\\/\\\/www.massimonava.it\\\/?s={search_term_string}\"},\"query-input\":{\"@type\":\"PropertyValueSpecification\",\"valueRequired\":true,\"valueName\":\"search_term_string\"}}],\"inLanguage\":\"it-IT\"},{\"@type\":[\"Person\",\"Organization\"],\"@id\":\"https:\\\/\\\/www.massimonava.it\\\/#\\\/schema\\\/person\\\/99c74b9deed0ff5d5bcd4addb7fba497\",\"name\":\"Massimo Nava\",\"image\":{\"@type\":\"ImageObject\",\"inLanguage\":\"it-IT\",\"@id\":\"https:\\\/\\\/www.massimonava.it\\\/wp-content\\\/uploads\\\/2022\\\/10\\\/massimo_nava.jpg\",\"url\":\"https:\\\/\\\/www.massimonava.it\\\/wp-content\\\/uploads\\\/2022\\\/10\\\/massimo_nava.jpg\",\"contentUrl\":\"https:\\\/\\\/www.massimonava.it\\\/wp-content\\\/uploads\\\/2022\\\/10\\\/massimo_nava.jpg\",\"width\":664,\"height\":664,\"caption\":\"Massimo Nava\"},\"logo\":{\"@id\":\"https:\\\/\\\/www.massimonava.it\\\/wp-content\\\/uploads\\\/2022\\\/10\\\/massimo_nava.jpg\"},\"sameAs\":[\"https:\\\/\\\/www.facebook.com\\\/navamassimo50\\\/\"]}]}<\/script>\n<!-- \/ Yoast SEO plugin. -->","yoast_head_json":{"title":"Massimo Nava | Consigliati","description":"Siti, link, articoli, mostre e eventi consigliati da Massimo Nava.","robots":{"index":"index","follow":"follow","max-snippet":"max-snippet:-1","max-image-preview":"max-image-preview:large","max-video-preview":"max-video-preview:-1"},"canonical":"https:\/\/www.massimonava.it\/?page_id=11766","og_locale":"it_IT","og_type":"article","og_title":"Massimo Nava | Consigliati","og_description":"Siti, link, articoli, mostre e eventi consigliati da Massimo Nava.","og_url":"https:\/\/www.massimonava.it\/?page_id=11766","og_site_name":"Massimo Nava","article_publisher":"https:\/\/www.facebook.com\/navamassimo50\/","article_modified_time":"2020-05-20T10:57:48+00:00","og_image":[{"url":"https:\/\/www.massimonava.it\/wp-content\/uploads\/2016\/03\/Flyer-Caravage-Rome-choix-211x300.jpg","type":"","width":"","height":""}],"twitter_misc":{"Tempo di lettura stimato":"4 minuti"},"schema":{"@context":"https:\/\/schema.org","@graph":[{"@type":"WebPage","@id":"https:\/\/www.massimonava.it\/?page_id=11766","url":"https:\/\/www.massimonava.it\/?page_id=11766","name":"Massimo Nava | Consigliati","isPartOf":{"@id":"https:\/\/www.massimonava.it\/#website"},"primaryImageOfPage":{"@id":"https:\/\/www.massimonava.it\/?page_id=11766#primaryimage"},"image":{"@id":"https:\/\/www.massimonava.it\/?page_id=11766#primaryimage"},"thumbnailUrl":"https:\/\/www.massimonava.it\/wp-content\/uploads\/2016\/03\/Flyer-Caravage-Rome-choix-211x300.jpg","datePublished":"2016-03-14T15:52:52+00:00","dateModified":"2020-05-20T10:57:48+00:00","description":"Siti, link, articoli, mostre e eventi consigliati da Massimo Nava.","breadcrumb":{"@id":"https:\/\/www.massimonava.it\/?page_id=11766#breadcrumb"},"inLanguage":"it-IT","potentialAction":[{"@type":"ReadAction","target":["https:\/\/www.massimonava.it\/?page_id=11766"]}]},{"@type":"ImageObject","inLanguage":"it-IT","@id":"https:\/\/www.massimonava.it\/?page_id=11766#primaryimage","url":"https:\/\/www.massimonava.it\/wp-content\/uploads\/2016\/03\/Flyer-Caravage-Rome-choix.jpg","contentUrl":"https:\/\/www.massimonava.it\/wp-content\/uploads\/2016\/03\/Flyer-Caravage-Rome-choix.jpg","width":225,"height":320},{"@type":"BreadcrumbList","@id":"https:\/\/www.massimonava.it\/?page_id=11766#breadcrumb","itemListElement":[{"@type":"ListItem","position":1,"name":"Home","item":"https:\/\/www.massimonava.it\/"},{"@type":"ListItem","position":2,"name":"Consigliati"}]},{"@type":"WebSite","@id":"https:\/\/www.massimonava.it\/#website","url":"https:\/\/www.massimonava.it\/","name":"Massimo Nava","description":"in diretta","publisher":{"@id":"https:\/\/www.massimonava.it\/#\/schema\/person\/99c74b9deed0ff5d5bcd4addb7fba497"},"potentialAction":[{"@type":"SearchAction","target":{"@type":"EntryPoint","urlTemplate":"https:\/\/www.massimonava.it\/?s={search_term_string}"},"query-input":{"@type":"PropertyValueSpecification","valueRequired":true,"valueName":"search_term_string"}}],"inLanguage":"it-IT"},{"@type":["Person","Organization"],"@id":"https:\/\/www.massimonava.it\/#\/schema\/person\/99c74b9deed0ff5d5bcd4addb7fba497","name":"Massimo Nava","image":{"@type":"ImageObject","inLanguage":"it-IT","@id":"https:\/\/www.massimonava.it\/wp-content\/uploads\/2022\/10\/massimo_nava.jpg","url":"https:\/\/www.massimonava.it\/wp-content\/uploads\/2022\/10\/massimo_nava.jpg","contentUrl":"https:\/\/www.massimonava.it\/wp-content\/uploads\/2022\/10\/massimo_nava.jpg","width":664,"height":664,"caption":"Massimo Nava"},"logo":{"@id":"https:\/\/www.massimonava.it\/wp-content\/uploads\/2022\/10\/massimo_nava.jpg"},"sameAs":["https:\/\/www.facebook.com\/navamassimo50\/"]}]}},"_links":{"self":[{"href":"https:\/\/www.massimonava.it\/index.php?rest_route=\/wp\/v2\/pages\/11766","targetHints":{"allow":["GET"]}}],"collection":[{"href":"https:\/\/www.massimonava.it\/index.php?rest_route=\/wp\/v2\/pages"}],"about":[{"href":"https:\/\/www.massimonava.it\/index.php?rest_route=\/wp\/v2\/types\/page"}],"author":[{"embeddable":true,"href":"https:\/\/www.massimonava.it\/index.php?rest_route=\/wp\/v2\/users\/1"}],"replies":[{"embeddable":true,"href":"https:\/\/www.massimonava.it\/index.php?rest_route=%2Fwp%2Fv2%2Fcomments&post=11766"}],"version-history":[{"count":0,"href":"https:\/\/www.massimonava.it\/index.php?rest_route=\/wp\/v2\/pages\/11766\/revisions"}],"wp:attachment":[{"href":"https:\/\/www.massimonava.it\/index.php?rest_route=%2Fwp%2Fv2%2Fmedia&parent=11766"}],"curies":[{"name":"wp","href":"https:\/\/api.w.org\/{rel}","templated":true}]}}