{"id":11692,"date":"2016-03-11T17:22:38","date_gmt":"2016-03-11T16:22:38","guid":{"rendered":"https:\/\/www.massimonava.it\/?page_id=11692"},"modified":"2020-03-28T07:13:15","modified_gmt":"2020-03-28T06:13:15","slug":"articoli","status":"publish","type":"page","link":"https:\/\/www.massimonava.it\/?page_id=11692","title":{"rendered":"Articoli"},"content":{"rendered":"<div class=\"fusion-fullwidth fullwidth-box fusion-builder-row-1 hundred-percent-fullwidth non-hundred-percent-height-scrolling\" style=\"--awb-border-radius-top-left:0px;--awb-border-radius-top-right:0px;--awb-border-radius-bottom-right:0px;--awb-border-radius-bottom-left:0px;--awb-overflow:visible;--awb-flex-wrap:wrap;\" ><div class=\"fusion-builder-row fusion-row\"><div class=\"fusion-layout-column fusion_builder_column fusion-builder-column-0 fusion_builder_column_1_1 1_1 fusion-one-full fusion-column-first fusion-column-last fusion-column-no-min-height\" style=\"--awb-bg-size:cover;--awb-margin-bottom:0px;\"><div class=\"fusion-column-wrapper fusion-flex-column-wrapper-legacy\"><div class=\"fusion-blog-shortcode fusion-blog-shortcode-1 fusion-blog-archive fusion-blog-layout-large fusion-blog-pagination\"><div class=\"fusion-posts-container fusion-posts-container-pagination\" data-pages=\"25\"><article id=\"blog-1-post-14096\" class=\"fusion-post-large post-14096 post type-post status-publish format-standard has-post-thumbnail hentry category-internazionale category-senza-categoria tag-afghanistan tag-pakistan tag-talebani\">\n\t<style type=\"text\/css\">\n\t\t\n\t\t\n\t\t\n\t\t\n\t\t\t<\/style>\n\n\n\t\t\t<div class=\"fusion-flexslider flexslider fusion-flexslider-loading fusion-post-slideshow\" style=\"\">\n\t\t<ul class=\"slides\">\n\t\t\t\n\t\t\t\t\t\t\t\t\t\t\t\t\t\t<li><div  class=\"fusion-image-wrapper\" aria-haspopup=\"true\">\n\t\t\t\t\t\t\t<a href=\"https:\/\/www.massimonava.it\/?p=14096\" aria-label=\"Memorie di Afghanistan. La tomba degli imperi\">\n\t\t\t\t\t\t\t<img decoding=\"async\" width=\"690\" height=\"362\" src=\"https:\/\/www.massimonava.it\/wp-content\/uploads\/2021\/08\/13469882_small-1-690x362-1.jpg\" class=\"attachment-full size-full wp-post-image\" alt=\"\" srcset=\"https:\/\/www.massimonava.it\/wp-content\/uploads\/2021\/08\/13469882_small-1-690x362-1-200x105.jpg 200w, https:\/\/www.massimonava.it\/wp-content\/uploads\/2021\/08\/13469882_small-1-690x362-1-400x210.jpg 400w, https:\/\/www.massimonava.it\/wp-content\/uploads\/2021\/08\/13469882_small-1-690x362-1-600x315.jpg 600w, https:\/\/www.massimonava.it\/wp-content\/uploads\/2021\/08\/13469882_small-1-690x362-1.jpg 690w\" sizes=\"(max-width: 800px) 100vw, 690px\" \/>\t\t\t<\/a>\n\t\t\t\t\t\t\t<\/div>\n<\/li>\n\t\t\t\n\t\t\t\n\t\t\t\t\t\t\t\t\t\t\t\t\t\t\t\t\t\t\t\t\t\t\t\t\t\t\t\t\t\t\t\t\t\t\t\t\t\t\t\t\t\t\t\t\t\t\t\t\t\t\t\t\t\t\t\t\t\t\t\t\t\t\t\t\t\t\t\t<\/ul>\n\t<\/div>\n\t<div class=\"fusion-post-content post-content\"><h2 class=\"blog-shortcode-post-title\"><a href=\"https:\/\/www.massimonava.it\/?p=14096\">Memorie di Afghanistan. La tomba degli imperi<\/a><\/h2><div class=\"fusion-post-content-container\"><p>Kabul, giugno 1987 Nel 1984 l\u2019Armata Rossa conta 150 mila uomini e, come gli americani in Vietnam, pratica la politica della terra bruciata. Centinaia di migliaia di afgani lasciano il Paese. Quando i russi cominciano [...]<\/p><\/div><\/div><div class=\"fusion-clearfix\"><\/div><div class=\"fusion-meta-info\"><div class=\"fusion-alignleft\"><span>22 Agosto, 2021<\/span><span class=\"fusion-inline-sep\">|<\/span><a href=\"https:\/\/www.massimonava.it\/?cat=52\" rel=\"category\">INTERNAZIONALE<\/a>, <a href=\"https:\/\/www.massimonava.it\/?cat=1\" rel=\"category\">Senza categoria<\/a><span class=\"fusion-inline-sep\">|<\/span><\/div><div class=\"fusion-alignright\"><a class=\"fusion-read-more\" href=\"https:\/\/www.massimonava.it\/?p=14096\" aria-label=\"More on Memorie di Afghanistan. La tomba degli imperi\">Leggi di pi\u00f9<\/a><\/div><\/div><\/article>\n<article id=\"blog-1-post-14078\" class=\"fusion-post-large post-14078 post type-post status-publish format-standard has-post-thumbnail hentry category-politica-interna\">\n\t<style type=\"text\/css\">\n\t\t\n\t\t\n\t\t\n\t\t\n\t\t\t<\/style>\n\n\n\t\t\t<div class=\"fusion-flexslider flexslider fusion-flexslider-loading fusion-post-slideshow\" style=\"\">\n\t\t<ul class=\"slides\">\n\t\t\t\n\t\t\t\t\t\t\t\t\t\t\t\t\t\t<li><div  class=\"fusion-image-wrapper\" aria-haspopup=\"true\">\n\t\t\t\t\t\t\t<a href=\"https:\/\/www.massimonava.it\/?p=14078\" aria-label=\"Fra draghi e grilli, il pd \u00e8 il leone che dorme\">\n\t\t\t\t\t\t\t<img decoding=\"async\" width=\"305\" height=\"165\" src=\"https:\/\/www.massimonava.it\/wp-content\/uploads\/2021\/02\/Unknown.jpeg\" class=\"attachment-full size-full wp-post-image\" alt=\"\" srcset=\"https:\/\/www.massimonava.it\/wp-content\/uploads\/2021\/02\/Unknown-200x108.jpeg 200w, https:\/\/www.massimonava.it\/wp-content\/uploads\/2021\/02\/Unknown.jpeg 305w\" sizes=\"(max-width: 800px) 100vw, 305px\" \/>\t\t\t<\/a>\n\t\t\t\t\t\t\t<\/div>\n<\/li>\n\t\t\t\n\t\t\t\n\t\t\t\t\t\t\t\t\t\t\t\t\t\t\t\t\t\t\t\t\t\t\t\t\t\t\t\t\t\t\t\t\t\t\t\t\t\t\t\t\t\t\t\t\t\t\t\t\t\t\t\t\t\t\t\t\t\t\t\t\t\t\t\t\t\t\t\t<\/ul>\n\t<\/div>\n\t<div class=\"fusion-post-content post-content\"><h2 class=\"blog-shortcode-post-title\"><a href=\"https:\/\/www.massimonava.it\/?p=14078\">Fra draghi e grilli, il pd \u00e8 il leone che dorme<\/a><\/h2><div class=\"fusion-post-content-container\"><p>La settimana delle consultazioni di Mario Draghi \u00e8 l\u2018ennesima conferma che anche in politica, come nella vita, la realt\u00e0 pu\u00f2 superare, e di molto, la fantasia. Non tanto per l\u2019immagine, che ci conduce in un [...]<\/p><\/div><\/div><div class=\"fusion-clearfix\"><\/div><div class=\"fusion-meta-info\"><div class=\"fusion-alignleft\"><span>10 Febbraio, 2021<\/span><span class=\"fusion-inline-sep\">|<\/span><a href=\"https:\/\/www.massimonava.it\/?cat=117\" rel=\"category\">POLITICA INTERNA<\/a><span class=\"fusion-inline-sep\">|<\/span><\/div><div class=\"fusion-alignright\"><a class=\"fusion-read-more\" href=\"https:\/\/www.massimonava.it\/?p=14078\" aria-label=\"More on Fra draghi e grilli, il pd \u00e8 il leone che dorme\">Leggi di pi\u00f9<\/a><\/div><\/div><\/article>\n<article id=\"blog-1-post-14075\" class=\"fusion-post-large post-14075 post type-post status-publish format-standard has-post-thumbnail hentry category-politica-interna category-senza-categoria\">\n\t<style type=\"text\/css\">\n\t\t\n\t\t\n\t\t\n\t\t\n\t\t\t<\/style>\n\n\n\t\t\t<div class=\"fusion-flexslider flexslider fusion-flexslider-loading fusion-post-slideshow\" style=\"\">\n\t\t<ul class=\"slides\">\n\t\t\t\n\t\t\t\t\t\t\t\t\t\t\t\t\t\t<li><div  class=\"fusion-image-wrapper\" aria-haspopup=\"true\">\n\t\t\t\t\t\t\t<a href=\"https:\/\/www.massimonava.it\/?p=14075\" aria-label=\"Si accettano miracoli per i rifugiati dell\u2019Arca politica\">\n\t\t\t\t\t\t\t<img decoding=\"async\" width=\"660\" height=\"368\" src=\"https:\/\/www.massimonava.it\/wp-content\/uploads\/2021\/02\/mario-draghi-665006.660x368.jpg\" class=\"attachment-full size-full wp-post-image\" alt=\"\" srcset=\"https:\/\/www.massimonava.it\/wp-content\/uploads\/2021\/02\/mario-draghi-665006.660x368-200x112.jpg 200w, https:\/\/www.massimonava.it\/wp-content\/uploads\/2021\/02\/mario-draghi-665006.660x368-400x223.jpg 400w, https:\/\/www.massimonava.it\/wp-content\/uploads\/2021\/02\/mario-draghi-665006.660x368-600x335.jpg 600w, https:\/\/www.massimonava.it\/wp-content\/uploads\/2021\/02\/mario-draghi-665006.660x368.jpg 660w\" sizes=\"(max-width: 800px) 100vw, 660px\" \/>\t\t\t<\/a>\n\t\t\t\t\t\t\t<\/div>\n<\/li>\n\t\t\t\n\t\t\t\n\t\t\t\t\t\t\t\t\t\t\t\t\t\t\t\t\t\t\t\t\t\t\t\t\t\t\t\t\t\t\t\t\t\t\t\t\t\t\t\t\t\t\t\t\t\t\t\t\t\t\t\t\t\t\t\t\t\t\t\t\t\t\t\t\t\t\t\t<\/ul>\n\t<\/div>\n\t<div class=\"fusion-post-content post-content\"><h2 class=\"blog-shortcode-post-title\"><a href=\"https:\/\/www.massimonava.it\/?p=14075\">Si accettano miracoli per i rifugiati dell\u2019Arca politica<\/a><\/h2><div class=\"fusion-post-content-container\"><p>Si pronuncia Draghi, ma molti, dentro e fuori il Palazzo, leggono o pensano Maghi. Al premier incaricato si attribuiscono virt\u00f9 e capacit\u00e0 taumaturgiche tali da fare immaginare la rapida guarigione del Paese, la normalizzazione della [...]<\/p><\/div><\/div><div class=\"fusion-clearfix\"><\/div><div class=\"fusion-meta-info\"><div class=\"fusion-alignleft\"><span>6 Febbraio, 2021<\/span><span class=\"fusion-inline-sep\">|<\/span><a href=\"https:\/\/www.massimonava.it\/?cat=117\" rel=\"category\">POLITICA INTERNA<\/a>, <a href=\"https:\/\/www.massimonava.it\/?cat=1\" rel=\"category\">Senza categoria<\/a><span class=\"fusion-inline-sep\">|<\/span><\/div><div class=\"fusion-alignright\"><a class=\"fusion-read-more\" href=\"https:\/\/www.massimonava.it\/?p=14075\" aria-label=\"More on Si accettano miracoli per i rifugiati dell\u2019Arca politica\">Leggi di pi\u00f9<\/a><\/div><\/div><\/article>\n<article id=\"blog-1-post-14072\" class=\"fusion-post-large post-14072 post type-post status-publish format-standard has-post-thumbnail hentry category-politica-interna tag-conte tag-crisi-di-governo tag-governo-italiano\">\n\t<style type=\"text\/css\">\n\t\t\n\t\t\n\t\t\n\t\t\n\t\t\t<\/style>\n\n\n\t\t\t<div class=\"fusion-flexslider flexslider fusion-flexslider-loading fusion-post-slideshow\" style=\"\">\n\t\t<ul class=\"slides\">\n\t\t\t\n\t\t\t\t\t\t\t\t\t\t\t\t\t\t<li><div  class=\"fusion-image-wrapper\" aria-haspopup=\"true\">\n\t\t\t\t\t\t\t<a href=\"https:\/\/www.massimonava.it\/?p=14072\" aria-label=\"Il suicidio assistito del governo Conte\">\n\t\t\t\t\t\t\t<img decoding=\"async\" width=\"570\" height=\"428\" src=\"https:\/\/www.massimonava.it\/wp-content\/uploads\/2021\/01\/dimissioni_di_conte.jpg\" class=\"attachment-full size-full wp-post-image\" alt=\"\" srcset=\"https:\/\/www.massimonava.it\/wp-content\/uploads\/2021\/01\/dimissioni_di_conte-200x150.jpg 200w, https:\/\/www.massimonava.it\/wp-content\/uploads\/2021\/01\/dimissioni_di_conte-400x300.jpg 400w, https:\/\/www.massimonava.it\/wp-content\/uploads\/2021\/01\/dimissioni_di_conte.jpg 570w\" sizes=\"(max-width: 800px) 100vw, 570px\" \/>\t\t\t<\/a>\n\t\t\t\t\t\t\t<\/div>\n<\/li>\n\t\t\t\n\t\t\t\n\t\t\t\t\t\t\t\t\t\t\t\t\t\t\t\t\t\t\t\t\t\t\t\t\t\t\t\t\t\t\t\t\t\t\t\t\t\t\t\t\t\t\t\t\t\t\t\t\t\t\t\t\t\t\t\t\t\t\t\t\t\t\t\t\t\t\t\t<\/ul>\n\t<\/div>\n\t<div class=\"fusion-post-content post-content\"><h2 class=\"blog-shortcode-post-title\"><a href=\"https:\/\/www.massimonava.it\/?p=14072\">Il suicidio assistito del governo Conte<\/a><\/h2><div class=\"fusion-post-content-container\"><p>Se l\u2019opinione pubblica osservasse la realt\u00e0 tenendo il binocolo con la lente d\u2019ingrandimento puntata su un quadro pi\u00f9 ampio, avrebbe una diversa consapevolezza della nostra \u201csalute\u201d sociale, economica e persino politica e del modo con [...]<\/p><\/div><\/div><div class=\"fusion-clearfix\"><\/div><div class=\"fusion-meta-info\"><div class=\"fusion-alignleft\"><span>30 Gennaio, 2021<\/span><span class=\"fusion-inline-sep\">|<\/span><a href=\"https:\/\/www.massimonava.it\/?cat=117\" rel=\"category\">POLITICA INTERNA<\/a><span class=\"fusion-inline-sep\">|<\/span><\/div><div class=\"fusion-alignright\"><a class=\"fusion-read-more\" href=\"https:\/\/www.massimonava.it\/?p=14072\" aria-label=\"More on Il suicidio assistito del governo Conte\">Leggi di pi\u00f9<\/a><\/div><\/div><\/article>\n<article id=\"blog-1-post-14068\" class=\"fusion-post-large post-14068 post type-post status-publish format-standard has-post-thumbnail hentry category-costume\">\n\t<style type=\"text\/css\">\n\t\t\n\t\t\n\t\t\n\t\t\n\t\t\t<\/style>\n\n\n\t\t\t<div class=\"fusion-flexslider flexslider fusion-flexslider-loading fusion-post-slideshow\" style=\"\">\n\t\t<ul class=\"slides\">\n\t\t\t\n\t\t\t\t\t\t\t\t\t\t\t\t\t\t<li><div  class=\"fusion-image-wrapper\" aria-haspopup=\"true\">\n\t\t\t\t\t\t\t<a href=\"https:\/\/www.massimonava.it\/?p=14068\" aria-label=\"Occorre un immaginario correttivo\">\n\t\t\t\t\t\t\t<img decoding=\"async\" width=\"755\" height=\"491\" src=\"https:\/\/www.massimonava.it\/wp-content\/uploads\/2021\/01\/9FCE2D4C-7FF0-40DB-B702-B269908F6158-755x491-1.jpeg\" class=\"attachment-full size-full wp-post-image\" alt=\"\" srcset=\"https:\/\/www.massimonava.it\/wp-content\/uploads\/2021\/01\/9FCE2D4C-7FF0-40DB-B702-B269908F6158-755x491-1-200x130.jpeg 200w, https:\/\/www.massimonava.it\/wp-content\/uploads\/2021\/01\/9FCE2D4C-7FF0-40DB-B702-B269908F6158-755x491-1-400x260.jpeg 400w, https:\/\/www.massimonava.it\/wp-content\/uploads\/2021\/01\/9FCE2D4C-7FF0-40DB-B702-B269908F6158-755x491-1-600x390.jpeg 600w, https:\/\/www.massimonava.it\/wp-content\/uploads\/2021\/01\/9FCE2D4C-7FF0-40DB-B702-B269908F6158-755x491-1.jpeg 755w\" sizes=\"(max-width: 800px) 100vw, 755px\" \/>\t\t\t<\/a>\n\t\t\t\t\t\t\t<\/div>\n<\/li>\n\t\t\t\n\t\t\t\n\t\t\t\t\t\t\t\t\t\t\t\t\t\t\t\t\t\t\t\t\t\t\t\t\t\t\t\t\t\t\t\t\t\t\t\t\t\t\t\t\t\t\t\t\t\t\t\t\t\t\t\t\t\t\t\t\t\t\t\t\t\t\t\t\t\t\t\t<\/ul>\n\t<\/div>\n\t<div class=\"fusion-post-content post-content\"><h2 class=\"blog-shortcode-post-title\"><a href=\"https:\/\/www.massimonava.it\/?p=14068\">Occorre un immaginario correttivo<\/a><\/h2><div class=\"fusion-post-content-container\"><p>Sono pi\u00f9 di ottantamila le vittime per Covid dall\u2019inizio della pandemia (83681 al 21 gennaio 2021): rapportata al numero di casi e abitanti, questa cifra racconta un Paese ai primissimi posti nel mondo per diffusione [...]<\/p><\/div><\/div><div class=\"fusion-clearfix\"><\/div><div class=\"fusion-meta-info\"><div class=\"fusion-alignleft\"><span>23 Gennaio, 2021<\/span><span class=\"fusion-inline-sep\">|<\/span><a href=\"https:\/\/www.massimonava.it\/?cat=56\" rel=\"category\">COSTUME<\/a><span class=\"fusion-inline-sep\">|<\/span><\/div><div class=\"fusion-alignright\"><a class=\"fusion-read-more\" href=\"https:\/\/www.massimonava.it\/?p=14068\" aria-label=\"More on Occorre un immaginario correttivo\">Leggi di pi\u00f9<\/a><\/div><\/div><\/article>\n<article id=\"blog-1-post-14058\" class=\"fusion-post-large post-14058 post type-post status-publish format-standard has-post-thumbnail hentry category-internazionale tag-capitol-hill tag-trump tag-twitter\">\n\t<style type=\"text\/css\">\n\t\t\n\t\t\n\t\t\n\t\t\n\t\t\t<\/style>\n\n\n\t\t\t<div class=\"fusion-flexslider flexslider fusion-flexslider-loading fusion-post-slideshow\" style=\"\">\n\t\t<ul class=\"slides\">\n\t\t\t\n\t\t\t\t\t\t\t\t\t\t\t\t\t\t<li><div  class=\"fusion-image-wrapper\" aria-haspopup=\"true\">\n\t\t\t\t\t\t\t<a href=\"https:\/\/www.massimonava.it\/?p=14058\" aria-label=\"Il mostro rinsavisce\">\n\t\t\t\t\t\t\t<img decoding=\"async\" width=\"1990\" height=\"1326\" src=\"https:\/\/www.massimonava.it\/wp-content\/uploads\/2021\/01\/trump_twitter_account_fg_ipa.jpg\" class=\"attachment-full size-full wp-post-image\" alt=\"\" srcset=\"https:\/\/www.massimonava.it\/wp-content\/uploads\/2021\/01\/trump_twitter_account_fg_ipa-200x133.jpg 200w, https:\/\/www.massimonava.it\/wp-content\/uploads\/2021\/01\/trump_twitter_account_fg_ipa-400x267.jpg 400w, https:\/\/www.massimonava.it\/wp-content\/uploads\/2021\/01\/trump_twitter_account_fg_ipa-600x400.jpg 600w, https:\/\/www.massimonava.it\/wp-content\/uploads\/2021\/01\/trump_twitter_account_fg_ipa-800x533.jpg 800w, https:\/\/www.massimonava.it\/wp-content\/uploads\/2021\/01\/trump_twitter_account_fg_ipa-1200x800.jpg 1200w, https:\/\/www.massimonava.it\/wp-content\/uploads\/2021\/01\/trump_twitter_account_fg_ipa.jpg 1990w\" sizes=\"(max-width: 800px) 100vw, 1200px\" \/>\t\t\t<\/a>\n\t\t\t\t\t\t\t<\/div>\n<\/li>\n\t\t\t\n\t\t\t\n\t\t\t\t\t\t\t\t\t\t\t\t\t\t\t\t\t\t\t\t\t\t\t\t\t\t\t\t\t\t\t\t\t\t\t\t\t\t\t\t\t\t\t\t\t\t\t\t\t\t\t\t\t\t\t\t\t\t\t\t\t\t\t\t\t\t\t\t<\/ul>\n\t<\/div>\n\t<div class=\"fusion-post-content post-content\"><h2 class=\"blog-shortcode-post-title\"><a href=\"https:\/\/www.massimonava.it\/?p=14058\">Il mostro rinsavisce<\/a><\/h2><div class=\"fusion-post-content-container\"><p>Nella vicenda dell\u2019assalto a Capitol Hill, c\u2019\u00e8 un dato politico che avr\u00e0 ripercussioni interessanti, non solo per gli americani, forse non meno di quanto il dramma di questi giorni ne avr\u00e0 sullo stato di salute [...]<\/p><\/div><\/div><div class=\"fusion-clearfix\"><\/div><div class=\"fusion-meta-info\"><div class=\"fusion-alignleft\"><span>21 Gennaio, 2021<\/span><span class=\"fusion-inline-sep\">|<\/span><a href=\"https:\/\/www.massimonava.it\/?cat=52\" rel=\"category\">INTERNAZIONALE<\/a><span class=\"fusion-inline-sep\">|<\/span><\/div><div class=\"fusion-alignright\"><a class=\"fusion-read-more\" href=\"https:\/\/www.massimonava.it\/?p=14058\" aria-label=\"More on Il mostro rinsavisce\">Leggi di pi\u00f9<\/a><\/div><\/div><\/article>\n<\/div><div class=\"pagination clearfix\"><span class=\"current\">1<\/span><a href=\"https:\/\/www.massimonava.it\/index.php?rest_route=%2Fwp%2Fv2%2Fpages%2F11692&#038;paged=2\" class=\"inactive\">2<\/a><a class=\"pagination-next\" rel=\"next\" href=\"https:\/\/www.massimonava.it\/index.php?rest_route=%2Fwp%2Fv2%2Fpages%2F11692&#038;paged=2\"><span class=\"page-text\">Prossimo<\/span><span class=\"page-next\"><\/span><\/a><\/div><div class=\"fusion-clearfix\"><\/div><\/div><div class=\"fusion-clearfix\"><\/div><\/div><\/div><\/div><\/div>\n","protected":false},"excerpt":{"rendered":"","protected":false},"author":1,"featured_media":0,"parent":9,"menu_order":0,"comment_status":"closed","ping_status":"closed","template":"","meta":{"footnotes":""},"class_list":["post-11692","page","type-page","status-publish","hentry"],"yoast_head":"<!-- This site is optimized with the Yoast SEO plugin v27.4 - https:\/\/yoast.com\/product\/yoast-seo-wordpress\/ -->\n<title>Massimo Nava | Editorialista | Articoli di attualit\u00e0, politica estera<\/title>\n<meta name=\"description\" content=\"Articoli di Massimo Nava, editorialista del Corriere della Sera, che trattano temi di attualit\u00e0, di politica estera e europea.\" \/>\n<meta name=\"robots\" content=\"index, follow, max-snippet:-1, max-image-preview:large, max-video-preview:-1\" \/>\n<link rel=\"canonical\" href=\"https:\/\/www.massimonava.it\/?page_id=11692\" \/>\n<meta property=\"og:locale\" content=\"it_IT\" \/>\n<meta property=\"og:type\" content=\"article\" \/>\n<meta property=\"og:title\" content=\"Massimo Nava | Editorialista | Articoli di attualit\u00e0, politica estera\" \/>\n<meta property=\"og:description\" content=\"Articoli di Massimo Nava, editorialista del Corriere della Sera, che trattano temi di attualit\u00e0, di politica estera e europea.\" \/>\n<meta property=\"og:url\" content=\"https:\/\/www.massimonava.it\/?page_id=11692\" \/>\n<meta property=\"og:site_name\" content=\"Massimo Nava\" \/>\n<meta property=\"article:publisher\" content=\"https:\/\/www.facebook.com\/navamassimo50\/\" \/>\n<meta property=\"article:modified_time\" content=\"2020-03-28T06:13:15+00:00\" \/>\n<meta property=\"og:image\" content=\"https:\/\/www.massimonava.it\/wp-content\/uploads\/2020\/03\/world-1303628_1280.jpg\" \/>\n\t<meta property=\"og:image:width\" content=\"1200\" \/>\n\t<meta property=\"og:image:height\" content=\"650\" \/>\n\t<meta property=\"og:image:type\" content=\"image\/jpeg\" \/>\n<meta name=\"twitter:label1\" content=\"Tempo di lettura stimato\" \/>\n\t<meta name=\"twitter:data1\" content=\"1 minuto\" \/>\n<script type=\"application\/ld+json\" class=\"yoast-schema-graph\">{\"@context\":\"https:\\\/\\\/schema.org\",\"@graph\":[{\"@type\":\"WebPage\",\"@id\":\"https:\\\/\\\/www.massimonava.it\\\/?page_id=11692\",\"url\":\"https:\\\/\\\/www.massimonava.it\\\/?page_id=11692\",\"name\":\"Massimo Nava | Editorialista | Articoli di attualit\u00e0, politica estera\",\"isPartOf\":{\"@id\":\"https:\\\/\\\/www.massimonava.it\\\/#website\"},\"datePublished\":\"2016-03-11T16:22:38+00:00\",\"dateModified\":\"2020-03-28T06:13:15+00:00\",\"description\":\"Articoli di Massimo Nava, editorialista del Corriere della Sera, che trattano temi di attualit\u00e0, di politica estera e europea.\",\"breadcrumb\":{\"@id\":\"https:\\\/\\\/www.massimonava.it\\\/?page_id=11692#breadcrumb\"},\"inLanguage\":\"it-IT\",\"potentialAction\":[{\"@type\":\"ReadAction\",\"target\":[\"https:\\\/\\\/www.massimonava.it\\\/?page_id=11692\"]}]},{\"@type\":\"BreadcrumbList\",\"@id\":\"https:\\\/\\\/www.massimonava.it\\\/?page_id=11692#breadcrumb\",\"itemListElement\":[{\"@type\":\"ListItem\",\"position\":1,\"name\":\"Home\",\"item\":\"https:\\\/\\\/www.massimonava.it\\\/\"},{\"@type\":\"ListItem\",\"position\":2,\"name\":\"Blog Large\",\"item\":\"https:\\\/\\\/www.massimonava.it\\\/?page_id=9\"},{\"@type\":\"ListItem\",\"position\":3,\"name\":\"Articoli\"}]},{\"@type\":\"WebSite\",\"@id\":\"https:\\\/\\\/www.massimonava.it\\\/#website\",\"url\":\"https:\\\/\\\/www.massimonava.it\\\/\",\"name\":\"Massimo Nava\",\"description\":\"in diretta\",\"publisher\":{\"@id\":\"https:\\\/\\\/www.massimonava.it\\\/#\\\/schema\\\/person\\\/99c74b9deed0ff5d5bcd4addb7fba497\"},\"potentialAction\":[{\"@type\":\"SearchAction\",\"target\":{\"@type\":\"EntryPoint\",\"urlTemplate\":\"https:\\\/\\\/www.massimonava.it\\\/?s={search_term_string}\"},\"query-input\":{\"@type\":\"PropertyValueSpecification\",\"valueRequired\":true,\"valueName\":\"search_term_string\"}}],\"inLanguage\":\"it-IT\"},{\"@type\":[\"Person\",\"Organization\"],\"@id\":\"https:\\\/\\\/www.massimonava.it\\\/#\\\/schema\\\/person\\\/99c74b9deed0ff5d5bcd4addb7fba497\",\"name\":\"Massimo Nava\",\"image\":{\"@type\":\"ImageObject\",\"inLanguage\":\"it-IT\",\"@id\":\"https:\\\/\\\/www.massimonava.it\\\/wp-content\\\/uploads\\\/2022\\\/10\\\/massimo_nava.jpg\",\"url\":\"https:\\\/\\\/www.massimonava.it\\\/wp-content\\\/uploads\\\/2022\\\/10\\\/massimo_nava.jpg\",\"contentUrl\":\"https:\\\/\\\/www.massimonava.it\\\/wp-content\\\/uploads\\\/2022\\\/10\\\/massimo_nava.jpg\",\"width\":664,\"height\":664,\"caption\":\"Massimo Nava\"},\"logo\":{\"@id\":\"https:\\\/\\\/www.massimonava.it\\\/wp-content\\\/uploads\\\/2022\\\/10\\\/massimo_nava.jpg\"},\"sameAs\":[\"https:\\\/\\\/www.facebook.com\\\/navamassimo50\\\/\"]}]}<\/script>\n<!-- \/ Yoast SEO plugin. -->","yoast_head_json":{"title":"Massimo Nava | Editorialista | Articoli di attualit\u00e0, politica estera","description":"Articoli di Massimo Nava, editorialista del Corriere della Sera, che trattano temi di attualit\u00e0, di politica estera e europea.","robots":{"index":"index","follow":"follow","max-snippet":"max-snippet:-1","max-image-preview":"max-image-preview:large","max-video-preview":"max-video-preview:-1"},"canonical":"https:\/\/www.massimonava.it\/?page_id=11692","og_locale":"it_IT","og_type":"article","og_title":"Massimo Nava | Editorialista | Articoli di attualit\u00e0, politica estera","og_description":"Articoli di Massimo Nava, editorialista del Corriere della Sera, che trattano temi di attualit\u00e0, di politica estera e europea.","og_url":"https:\/\/www.massimonava.it\/?page_id=11692","og_site_name":"Massimo Nava","article_publisher":"https:\/\/www.facebook.com\/navamassimo50\/","article_modified_time":"2020-03-28T06:13:15+00:00","og_image":[{"width":1200,"height":650,"url":"https:\/\/www.massimonava.it\/wp-content\/uploads\/2020\/03\/world-1303628_1280.jpg","type":"image\/jpeg"}],"twitter_misc":{"Tempo di lettura stimato":"1 minuto"},"schema":{"@context":"https:\/\/schema.org","@graph":[{"@type":"WebPage","@id":"https:\/\/www.massimonava.it\/?page_id=11692","url":"https:\/\/www.massimonava.it\/?page_id=11692","name":"Massimo Nava | Editorialista | Articoli di attualit\u00e0, politica estera","isPartOf":{"@id":"https:\/\/www.massimonava.it\/#website"},"datePublished":"2016-03-11T16:22:38+00:00","dateModified":"2020-03-28T06:13:15+00:00","description":"Articoli di Massimo Nava, editorialista del Corriere della Sera, che trattano temi di attualit\u00e0, di politica estera e europea.","breadcrumb":{"@id":"https:\/\/www.massimonava.it\/?page_id=11692#breadcrumb"},"inLanguage":"it-IT","potentialAction":[{"@type":"ReadAction","target":["https:\/\/www.massimonava.it\/?page_id=11692"]}]},{"@type":"BreadcrumbList","@id":"https:\/\/www.massimonava.it\/?page_id=11692#breadcrumb","itemListElement":[{"@type":"ListItem","position":1,"name":"Home","item":"https:\/\/www.massimonava.it\/"},{"@type":"ListItem","position":2,"name":"Blog Large","item":"https:\/\/www.massimonava.it\/?page_id=9"},{"@type":"ListItem","position":3,"name":"Articoli"}]},{"@type":"WebSite","@id":"https:\/\/www.massimonava.it\/#website","url":"https:\/\/www.massimonava.it\/","name":"Massimo Nava","description":"in diretta","publisher":{"@id":"https:\/\/www.massimonava.it\/#\/schema\/person\/99c74b9deed0ff5d5bcd4addb7fba497"},"potentialAction":[{"@type":"SearchAction","target":{"@type":"EntryPoint","urlTemplate":"https:\/\/www.massimonava.it\/?s={search_term_string}"},"query-input":{"@type":"PropertyValueSpecification","valueRequired":true,"valueName":"search_term_string"}}],"inLanguage":"it-IT"},{"@type":["Person","Organization"],"@id":"https:\/\/www.massimonava.it\/#\/schema\/person\/99c74b9deed0ff5d5bcd4addb7fba497","name":"Massimo Nava","image":{"@type":"ImageObject","inLanguage":"it-IT","@id":"https:\/\/www.massimonava.it\/wp-content\/uploads\/2022\/10\/massimo_nava.jpg","url":"https:\/\/www.massimonava.it\/wp-content\/uploads\/2022\/10\/massimo_nava.jpg","contentUrl":"https:\/\/www.massimonava.it\/wp-content\/uploads\/2022\/10\/massimo_nava.jpg","width":664,"height":664,"caption":"Massimo Nava"},"logo":{"@id":"https:\/\/www.massimonava.it\/wp-content\/uploads\/2022\/10\/massimo_nava.jpg"},"sameAs":["https:\/\/www.facebook.com\/navamassimo50\/"]}]}},"_links":{"self":[{"href":"https:\/\/www.massimonava.it\/index.php?rest_route=\/wp\/v2\/pages\/11692","targetHints":{"allow":["GET"]}}],"collection":[{"href":"https:\/\/www.massimonava.it\/index.php?rest_route=\/wp\/v2\/pages"}],"about":[{"href":"https:\/\/www.massimonava.it\/index.php?rest_route=\/wp\/v2\/types\/page"}],"author":[{"embeddable":true,"href":"https:\/\/www.massimonava.it\/index.php?rest_route=\/wp\/v2\/users\/1"}],"replies":[{"embeddable":true,"href":"https:\/\/www.massimonava.it\/index.php?rest_route=%2Fwp%2Fv2%2Fcomments&post=11692"}],"version-history":[{"count":0,"href":"https:\/\/www.massimonava.it\/index.php?rest_route=\/wp\/v2\/pages\/11692\/revisions"}],"up":[{"embeddable":true,"href":"https:\/\/www.massimonava.it\/index.php?rest_route=\/wp\/v2\/pages\/9"}],"wp:attachment":[{"href":"https:\/\/www.massimonava.it\/index.php?rest_route=%2Fwp%2Fv2%2Fmedia&parent=11692"}],"curies":[{"name":"wp","href":"https:\/\/api.w.org\/{rel}","templated":true}]}}