{"id":10709,"date":"2014-11-19T15:14:03","date_gmt":"2014-11-19T15:14:03","guid":{"rendered":"http:\/\/theme-fusion.com\/avadaxml\/?page_id=10709"},"modified":"2021-08-01T17:12:04","modified_gmt":"2021-08-01T15:12:04","slug":"home","status":"publish","type":"page","link":"https:\/\/www.massimonava.it\/","title":{"rendered":"Home"},"content":{"rendered":"<div class=\"fusion-fullwidth fullwidth-box fusion-builder-row-1 hundred-percent-fullwidth non-hundred-percent-height-scrolling\" style=\"--awb-border-radius-top-left:0px;--awb-border-radius-top-right:0px;--awb-border-radius-bottom-right:0px;--awb-border-radius-bottom-left:0px;--awb-overflow:visible;--awb-padding-right:20px;--awb-padding-left:20px;--awb-flex-wrap:wrap;\" ><div class=\"fusion-builder-row fusion-row\"><div class=\"fusion-layout-column fusion_builder_column fusion-builder-column-0 fusion_builder_column_1_4 1_4 fusion-one-fourth fusion-column-first sidebar-home fusion-no-small-visibility\" style=\"--awb-bg-size:cover;width:22%; margin-right: 4%;\"><div class=\"fusion-column-wrapper fusion-flex-column-wrapper-legacy\"><div class=\"fusion-image-element fusion-image-align-center fusion-no-small-visibility in-legacy-container\" style=\"text-align:center;--awb-caption-title-font-family:var(--h2_typography-font-family);--awb-caption-title-font-weight:var(--h2_typography-font-weight);--awb-caption-title-font-style:var(--h2_typography-font-style);--awb-caption-title-size:var(--h2_typography-font-size);--awb-caption-title-transform:var(--h2_typography-text-transform);--awb-caption-title-line-height:var(--h2_typography-line-height);--awb-caption-title-letter-spacing:var(--h2_typography-letter-spacing);\"><div class=\"imageframe-align-center\"><span class=\" fusion-imageframe imageframe-none imageframe-1 hover-type-none\"><img decoding=\"async\" width=\"600\" height=\"60\" title=\"facebook-massimo-nava-banner\" src=\"https:\/\/www.massimonava.it\/wp-content\/uploads\/2014\/11\/facebook-massimo-nava-banner.jpg\" alt class=\"img-responsive wp-image-12211\" srcset=\"https:\/\/www.massimonava.it\/wp-content\/uploads\/2014\/11\/facebook-massimo-nava-banner-120x12.jpg 120w, https:\/\/www.massimonava.it\/wp-content\/uploads\/2014\/11\/facebook-massimo-nava-banner-300x30.jpg 300w, https:\/\/www.massimonava.it\/wp-content\/uploads\/2014\/11\/facebook-massimo-nava-banner-500x50.jpg 500w, https:\/\/www.massimonava.it\/wp-content\/uploads\/2014\/11\/facebook-massimo-nava-banner.jpg 600w\" sizes=\"(max-width: 600px) 100vw, 600px\" \/><\/span><\/div><\/div><div class=\"fusion-sep-clear\"><\/div><div class=\"fusion-separator fusion-full-width-sep\" style=\"margin-left: auto;margin-right: auto;margin-top:10px;width:100%;\"><\/div><div class=\"fusion-sep-clear\"><\/div><div class=\"fusion-widget-area awb-widget-area-element fusion-widget-area-1 fusion-content-widget-area\" style=\"--awb-title-size:16px;--awb-title-color:#333333;--awb-padding:0px 0px 0px 0px;\"><div id=\"facebook-like-widget-3\" class=\"widget facebook_like\">\n\t\t\t\t\t\t\t\t\t\t\t\t<script>\n\t\t\t\n\t\t\t\t\twindow.fbAsyncInit = function() {\n\t\t\t\t\t\tfusion_resize_page_widget();\n\n\t\t\t\t\t\tjQuery( window ).on( 'resize', function() {\n\t\t\t\t\t\t\tfusion_resize_page_widget();\n\t\t\t\t\t\t});\n\n\t\t\t\t\t\tfunction fusion_resize_page_widget() {\n\t\t\t\t\t\t\tvar availableSpace     = jQuery( '.facebook-like-widget-3' ).width(),\n\t\t\t\t\t\t\t\tlastAvailableSPace = jQuery( '.facebook-like-widget-3 .fb-page' ).attr( 'data-width' ),\n\t\t\t\t\t\t\t\tmaxWidth           = 268;\n\n\t\t\t\t\t\t\tif ( 1 > availableSpace ) {\n\t\t\t\t\t\t\t\tavailableSpace = maxWidth;\n\t\t\t\t\t\t\t}\n\n\t\t\t\t\t\t\tif ( availableSpace != lastAvailableSPace && availableSpace != maxWidth ) {\n\t\t\t\t\t\t\t\tif ( maxWidth < availableSpace ) {\n\t\t\t\t\t\t\t\t\tavailableSpace = maxWidth;\n\t\t\t\t\t\t\t\t}\n\t\t\t\t\t\t\t\tjQuery('.facebook-like-widget-3 .fb-page' ).attr( 'data-width', Math.floor( availableSpace ) );\n\t\t\t\t\t\t\t\tif ( 'undefined' !== typeof FB ) {\n\t\t\t\t\t\t\t\t\tFB.XFBML.parse();\n\t\t\t\t\t\t\t\t}\n\t\t\t\t\t\t\t}\n\t\t\t\t\t\t}\n\t\t\t\t\t};\n\n\t\t\t\t\t( function( d, s, id ) {\n\t\t\t\t\t\tvar js,\n\t\t\t\t\t\t\tfjs = d.getElementsByTagName( s )[0];\n\t\t\t\t\t\tif ( d.getElementById( id ) ) {\n\t\t\t\t\t\t\treturn;\n\t\t\t\t\t\t}\n\t\t\t\t\t\tjs     = d.createElement( s );\n\t\t\t\t\t\tjs.id  = id;\n\t\t\t\t\t\tjs.src = \"https:\/\/connect.facebook.net\/it_IT\/sdk.js#xfbml=1&version=v8.0&appId=\";\n\t\t\t\t\t\tfjs.parentNode.insertBefore( js, fjs );\n\t\t\t\t\t}( document, 'script', 'facebook-jssdk' ) );\n\n\t\t\t\t\t\t\t<\/script>\n\t\t\t\n\t\t\t<div class=\"fb-like-box-container facebook-like-widget-3\" id=\"fb-root\">\n\t\t\t\t<div class=\"fb-page\" data-href=\"https:\/\/www.facebook.com\/navamassimo50\/\" data-original-width=\"268\" data-width=\"268\" data-adapt-container-width=\"true\" data-small-header=\"true\" data-height=\"545\" data-hide-cover=\"true\" data-show-facepile=\"false\" data-tabs=\"timeline\"><\/div>\n\t\t\t<\/div>\n\t\t\t<\/div><div class=\"fusion-additional-widget-content\"><\/div><\/div><div class=\"fusion-sep-clear\"><\/div><div class=\"fusion-separator fusion-full-width-sep\" style=\"margin-left: auto;margin-right: auto;margin-top:10px;width:100%;\"><\/div><div class=\"fusion-sep-clear\"><\/div><div class=\"fusion-blog-shortcode fusion-blog-shortcode-1 fusion-blog-archive fusion-blog-layout-medium fusion-blog-no fusion-blog-no-images\"><div class=\"fusion-posts-container fusion-posts-container-no\" data-pages=\"73\"><article id=\"blog-1-post-14035\" class=\"fusion-post-medium post-14035 post type-post status-publish format-standard has-post-thumbnail hentry category-eventi category-senza-categoria tag-germania tag-presentazione tag-storia\">\n<div class=\"fusion-post-content post-content\"><h2 class=\"blog-shortcode-post-title\"><a href=\"https:\/\/www.massimonava.it\/?p=14035\">Mezzogiorno tedesco, Sud italiano: &#8220;Storia della Germania dopo il Muro&#8221; presentata on line su Fb e Zoom<\/a><\/h2><div class=\"fusion-post-content-container\"><\/div><\/div><div class=\"fusion-clearfix\"><\/div><div class=\"fusion-meta-info\"><div class=\"fusion-alignleft\"><span>27 Ottobre, 2020<\/span><span class=\"fusion-inline-sep\">|<\/span><\/div><\/div><\/article>\n<\/div><\/div><div class=\"fusion-blog-shortcode fusion-blog-shortcode-2 fusion-blog-archive fusion-blog-layout-medium fusion-blog-no fusion-blog-no-images\"><div class=\"fusion-posts-container fusion-posts-container-no\" data-pages=\"72\"><article id=\"blog-2-post-14003\" class=\"fusion-post-medium post-14003 post type-post status-publish format-standard has-post-thumbnail hentry category-eventi tag-europa tag-germania tag-libri-di-storia tag-merkel tag-presentazione\">\n<div class=\"fusion-post-content post-content\"><h2 class=\"blog-shortcode-post-title\"><a href=\"https:\/\/www.massimonava.it\/?p=14003\">Presentazione del mio ultimo libro &#8220;Storia della Germania dopo il Muro&#8221;<\/a><\/h2><div class=\"fusion-post-content-container\"><\/div><\/div><div class=\"fusion-clearfix\"><\/div><div class=\"fusion-meta-info\"><div class=\"fusion-alignleft\"><span>16 Settembre, 2020<\/span><span class=\"fusion-inline-sep\">|<\/span><\/div><\/div><\/article>\n<\/div><\/div><div class=\"fusion-blog-shortcode fusion-blog-shortcode-3 fusion-blog-archive fusion-blog-layout-medium fusion-blog-no fusion-blog-no-images\"><div class=\"fusion-posts-container fusion-posts-container-no\" data-pages=\"146\"><article id=\"blog-3-post-14096\" class=\"fusion-post-medium post-14096 post type-post status-publish format-standard has-post-thumbnail hentry category-internazionale category-senza-categoria tag-afghanistan tag-pakistan tag-talebani\">\n<div class=\"fusion-post-content post-content\"><h2 class=\"blog-shortcode-post-title\"><a href=\"https:\/\/www.massimonava.it\/?p=14096\">Memorie di Afghanistan. La tomba degli imperi<\/a><\/h2><div class=\"fusion-post-content-container\"><\/div><\/div><div class=\"fusion-clearfix\"><\/div><div class=\"fusion-meta-info\"><div class=\"fusion-alignleft\"><span>22 Agosto, 2021<\/span><span class=\"fusion-inline-sep\">|<\/span><\/div><\/div><\/article>\n<\/div><\/div><div class=\"fusion-clearfix\"><\/div><\/div><\/div><div class=\"fusion-layout-column fusion_builder_column fusion-builder-column-1 fusion_builder_column_1_2 1_2 fusion-one-half\" style=\"--awb-padding-right:10px;--awb-padding-left:10px;--awb-bg-size:cover;--awb-border-color:#aaaaaa;--awb-border-left:1px;--awb-border-style:solid;width:48%; margin-right: 4%;\"><div class=\"fusion-column-wrapper fusion-flex-column-wrapper-legacy\"><div class=\"fusion-title title fusion-title-1 fusion-sep-none fusion-title-text fusion-title-size-one\" style=\"--awb-margin-bottom:10px;\"><h1 class=\"fusion-title-heading title-heading-left\" style=\"margin:0;\">Angela Merkel. La donna che ha cambiato la storia.<\/h1><\/div><div class=\"fusion-text fusion-text-1\"><p><a href=\"https:\/\/www.ibs.it\/angela-merkel-donna-che-ha-libro-massimo-nava\/e\/9788817159524\"><\/a>Rizzoli, agosto 2021<\/p>\n<p><strong>Biografia di Angela Merkel<\/strong><\/p>\n<p>La vita pubblica di Angela Merkel \u00e8 una delle pi\u00f9 documentate al mondo, ma si sa poco della sua vita personale. Occorre scavare nei primi trent&#8217;anni vissuti nella Germania comunista e utilizzare quanto lei ha accettato di raccontare: l&#8217;educazione protestante, la giovinezza nella nube grigia della dittatura, la formazione scientifica, l&#8217;amore per la libert\u00e0. E ancora oggi il rispetto della sua privacy \u00e8 assoluto, cementato della fedelt\u00e0 di amici e collaboratori. Per questo la cancelliera appassiona i biografi che per venire a capo dell&#8217;enigma della sua vita devono giocare ruoli diversi: un p\u00f2 cronisti e un p\u00f2 storici, un p\u00f2 psicologi e un p\u00f2 narratori.<\/p>\n<p>&#8220;Destino e carattere influenzano la storia di ogni individuo. Nel caso del leader si sommano alla capacit\u00e0 di andare oltre il quotidiano, di diventare visionari senza essere ingenui&#8221; scrive Massimo Nava, che in questo libro racconta la vita di una donna eccezionale, protagonista assoluta della storia recente d&#8217;Europa.<\/p>\n<p>Spesso indispensabile, talvolta contestata, mai sconfitta. Nessun leader di Paesi democratici ha resistito pi\u00f9 di lei all&#8217;usura del tempo e alla stanchezza fisiologica dell&#8217;elettorato. Alle emergenze che hanno scandito i suoi sedici anni alla guida della Germania &#8211; la crisi dei debiti sovrani, il caos finanziario della Grecia, le ondate migratorie, la crisi ambientale, il terrorismo internazionale e la pandemia &#8211; Angela Merkel ha risposto tenendo insieme in un delicato equilibrio, interessi tedeschi e ideali europei; e in circostanze eccezionali ha agito d&#8217;impulso, come se la spinta morale avesse il sopravvento sulla prudenza. Nel 2015 per esempio, ha aperto le porte delle Germania a centinaia di migliaia di migranti in fuga dalla guerra di Siria.<\/p>\n<p>Da decenni la sua personalit\u00e0 \u00e8 descritta senza sfumature: razionale, monotona, in sintonia con il luogo comune della Germania ordinata, programmata, prevedibile.<\/p>\n<p>Il racconto di Massimo Nava ci mostra per\u00f2 che la verit\u00e0 \u00e8 diversa, pi\u00f9 articolata. Nel maggio del 2019 intervenendo davanti a ventimila laureandi dell&#8217;Universit\u00e0 di Harvard ha detto: &#8220;Continuate a chiedervi: sto facendo questo perch\u00e9 \u00e8 giusto o solo perch\u00e9 \u00e8 possibile? Ricordate, l&#8217;apertura comporta sempre dei rischi. Per iniziare qualcosa di nuovo \u00e8 necessario lasciare andare il vecchio. E soprattutto, nulla deve essere dato per scontato, tutto \u00e8 possibile&#8221;.<\/p>\n<p>Per chi lo desiderasse \u00e8 possibile effettuare il pre-ordine su:<\/p>\n<p><a href=\"https:\/\/www.mondadoristore.it\/Angela-Merkel-donna-che-ha-Massimo-Nava\/eai978881715952\/\">Mondadori Store<\/a><\/p>\n<p><a href=\"https:\/\/www.amazon.it\/Angela-Merkel-donna-cambiato-storia\/dp\/8817159522\">Amazon<\/a><\/p>\n<p><a href=\"https:\/\/www.lafeltrinelli.it\/libri\/angela-merkel\/9788817159524\">Feltrinelli<\/a><\/p>\n<p><a href=\"https:\/\/www.ibs.it\/angela-merkel-donna-che-ha-libro-massimo-nava\/e\/9788817159524\">IBS<\/a><\/p>\n<\/div><div class=\"fusion-title title fusion-title-2 fusion-sep-none fusion-title-text fusion-title-size-three\" style=\"--awb-margin-top:10px;\"><h3 class=\"fusion-title-heading title-heading-left\" style=\"margin:0;\"><\/h3><\/div><div class=\"fusion-clearfix\"><\/div><\/div><\/div><div class=\"fusion-layout-column fusion_builder_column fusion-builder-column-2 fusion_builder_column_1_4 1_4 fusion-one-fourth fusion-column-last\" style=\"--awb-bg-size:cover;width:22%;\"><div class=\"fusion-column-wrapper fusion-flex-column-wrapper-legacy\"><div class=\"fusion-image-element in-legacy-container\" style=\"--awb-caption-title-font-family:var(--h2_typography-font-family);--awb-caption-title-font-weight:var(--h2_typography-font-weight);--awb-caption-title-font-style:var(--h2_typography-font-style);--awb-caption-title-size:var(--h2_typography-font-size);--awb-caption-title-transform:var(--h2_typography-text-transform);--awb-caption-title-line-height:var(--h2_typography-line-height);--awb-caption-title-letter-spacing:var(--h2_typography-letter-spacing);\"><span class=\" fusion-imageframe imageframe-none imageframe-2 hover-type-none\"><img decoding=\"async\" width=\"300\" height=\"300\" alt=\"copertina Il boss \u00e8 immortale\" title=\"merkel\" src=\"https:\/\/www.massimonava.it\/wp-content\/uploads\/2021\/08\/merkel-300x300.jpg\" class=\"img-responsive wp-image-14085\" srcset=\"https:\/\/www.massimonava.it\/wp-content\/uploads\/2021\/08\/merkel-200x200.jpg 200w, https:\/\/www.massimonava.it\/wp-content\/uploads\/2021\/08\/merkel-400x400.jpg 400w, https:\/\/www.massimonava.it\/wp-content\/uploads\/2021\/08\/merkel-600x600.jpg 600w, https:\/\/www.massimonava.it\/wp-content\/uploads\/2021\/08\/merkel-800x800.jpg 800w, https:\/\/www.massimonava.it\/wp-content\/uploads\/2021\/08\/merkel.jpg 1080w\" sizes=\"(max-width: 800px) 100vw, 400px\" \/><\/span><\/div><div class=\"fusion-text fusion-text-2\"><h3>Dai primi di settembre nelle migliori librerie<\/h3>\n<\/div><div class=\"fusion-sep-clear\"><\/div><div class=\"fusion-separator fusion-full-width-sep\" style=\"margin-left: auto;margin-right: auto;margin-bottom:50px;width:100%;\"><\/div><div class=\"fusion-sep-clear\"><\/div><div class=\"fusion-image-element fusion-image-align-center in-legacy-container\" style=\"text-align:center;--awb-caption-title-font-family:var(--h2_typography-font-family);--awb-caption-title-font-weight:var(--h2_typography-font-weight);--awb-caption-title-font-style:var(--h2_typography-font-style);--awb-caption-title-size:var(--h2_typography-font-size);--awb-caption-title-transform:var(--h2_typography-text-transform);--awb-caption-title-line-height:var(--h2_typography-line-height);--awb-caption-title-letter-spacing:var(--h2_typography-letter-spacing);\"><div class=\"imageframe-align-center\"><span class=\" fusion-imageframe imageframe-none imageframe-3 hover-type-none\"><img decoding=\"async\" width=\"425\" height=\"602\" alt=\"massimo nava editorialista\" title=\"Massimo-Nava-Profile\" src=\"https:\/\/www.massimonava.it\/wp-content\/uploads\/2014\/11\/Massimo-Nava-Profile.jpg\" class=\"img-responsive wp-image-11674\" srcset=\"https:\/\/www.massimonava.it\/wp-content\/uploads\/2014\/11\/Massimo-Nava-Profile-120x170.jpg 120w, https:\/\/www.massimonava.it\/wp-content\/uploads\/2014\/11\/Massimo-Nava-Profile-212x300.jpg 212w, https:\/\/www.massimonava.it\/wp-content\/uploads\/2014\/11\/Massimo-Nava-Profile.jpg 425w\" sizes=\"(max-width: 425px) 100vw, 425px\" \/><\/span><\/div><\/div><div class=\"fusion-text fusion-text-3\"><h6><em>Sono nato a Milano e vivo a Parigi. Dal 2001 sono corrispondente ed editorialista per il Corriere della Sera&#8230;<\/em>\u00a0\u00a0 <a href=\"https:\/\/www.massimonava.it\/bio\/\">Leggi<\/a><\/h6>\n<\/div><div class=\"fusion-clearfix\"><\/div><\/div><\/div><\/div><\/div>\n","protected":false},"excerpt":{"rendered":"","protected":false},"author":1,"featured_media":0,"parent":0,"menu_order":0,"comment_status":"closed","ping_status":"closed","template":"100-width.php","meta":{"footnotes":""},"class_list":["post-10709","page","type-page","status-publish","hentry"],"yoast_head":"<!-- This site is optimized with the Yoast SEO plugin v27.4 - https:\/\/yoast.com\/product\/yoast-seo-wordpress\/ -->\n<title>Massimo Nava | Editorialista per il Corriere della Sera | Scrittore di saggi e romanzi<\/title>\n<meta name=\"description\" content=\"Massimo Nava, giornalista ed editorialista per il Corriere della Sera. Inviato speciale e corrispondente di guerra. Scrittore di saggi e romanzi.\" \/>\n<meta name=\"robots\" content=\"index, follow, max-snippet:-1, max-image-preview:large, max-video-preview:-1\" \/>\n<link rel=\"canonical\" href=\"https:\/\/www.massimonava.it\/\" \/>\n<meta property=\"og:locale\" content=\"it_IT\" \/>\n<meta property=\"og:type\" content=\"article\" \/>\n<meta property=\"og:title\" content=\"Massimo Nava | Editorialista per il Corriere della Sera | Scrittore di saggi e romanzi\" \/>\n<meta property=\"og:description\" content=\"Massimo Nava, giornalista ed editorialista per il Corriere della Sera. Inviato speciale e corrispondente di guerra. Scrittore di saggi e romanzi.\" \/>\n<meta property=\"og:url\" content=\"https:\/\/www.massimonava.it\/\" \/>\n<meta property=\"og:site_name\" content=\"Massimo Nava\" \/>\n<meta property=\"article:publisher\" content=\"https:\/\/www.facebook.com\/navamassimo50\/\" \/>\n<meta property=\"article:modified_time\" content=\"2021-08-01T15:12:04+00:00\" \/>\n<meta property=\"og:image\" content=\"https:\/\/www.massimonava.it\/wp-content\/uploads\/2014\/11\/facebook-massimo-nava-banner.jpg\" \/>\n<meta name=\"twitter:label1\" content=\"Tempo di lettura stimato\" \/>\n\t<meta name=\"twitter:data1\" content=\"8 minuti\" \/>\n<script type=\"application\/ld+json\" class=\"yoast-schema-graph\">{\"@context\":\"https:\\\/\\\/schema.org\",\"@graph\":[{\"@type\":\"WebPage\",\"@id\":\"https:\\\/\\\/www.massimonava.it\\\/\",\"url\":\"https:\\\/\\\/www.massimonava.it\\\/\",\"name\":\"Massimo Nava | Editorialista per il Corriere della Sera | Scrittore di saggi e romanzi\",\"isPartOf\":{\"@id\":\"https:\\\/\\\/www.massimonava.it\\\/#website\"},\"primaryImageOfPage\":{\"@id\":\"https:\\\/\\\/www.massimonava.it\\\/#primaryimage\"},\"image\":{\"@id\":\"https:\\\/\\\/www.massimonava.it\\\/#primaryimage\"},\"thumbnailUrl\":\"https:\\\/\\\/www.massimonava.it\\\/wp-content\\\/uploads\\\/2014\\\/11\\\/facebook-massimo-nava-banner.jpg\",\"datePublished\":\"2014-11-19T15:14:03+00:00\",\"dateModified\":\"2021-08-01T15:12:04+00:00\",\"description\":\"Massimo Nava, giornalista ed editorialista per il Corriere della Sera. Inviato speciale e corrispondente di guerra. Scrittore di saggi e romanzi.\",\"breadcrumb\":{\"@id\":\"https:\\\/\\\/www.massimonava.it\\\/#breadcrumb\"},\"inLanguage\":\"it-IT\",\"potentialAction\":[{\"@type\":\"ReadAction\",\"target\":[\"https:\\\/\\\/www.massimonava.it\\\/\"]}]},{\"@type\":\"ImageObject\",\"inLanguage\":\"it-IT\",\"@id\":\"https:\\\/\\\/www.massimonava.it\\\/#primaryimage\",\"url\":\"https:\\\/\\\/www.massimonava.it\\\/wp-content\\\/uploads\\\/2014\\\/11\\\/facebook-massimo-nava-banner.jpg\",\"contentUrl\":\"https:\\\/\\\/www.massimonava.it\\\/wp-content\\\/uploads\\\/2014\\\/11\\\/facebook-massimo-nava-banner.jpg\",\"width\":600,\"height\":60},{\"@type\":\"BreadcrumbList\",\"@id\":\"https:\\\/\\\/www.massimonava.it\\\/#breadcrumb\",\"itemListElement\":[{\"@type\":\"ListItem\",\"position\":1,\"name\":\"Home\",\"item\":\"https:\\\/\\\/www.massimonava.it\\\/\"},{\"@type\":\"ListItem\",\"position\":2,\"name\":\"Home\"}]},{\"@type\":\"WebSite\",\"@id\":\"https:\\\/\\\/www.massimonava.it\\\/#website\",\"url\":\"https:\\\/\\\/www.massimonava.it\\\/\",\"name\":\"Massimo Nava\",\"description\":\"in diretta\",\"publisher\":{\"@id\":\"https:\\\/\\\/www.massimonava.it\\\/#\\\/schema\\\/person\\\/99c74b9deed0ff5d5bcd4addb7fba497\"},\"potentialAction\":[{\"@type\":\"SearchAction\",\"target\":{\"@type\":\"EntryPoint\",\"urlTemplate\":\"https:\\\/\\\/www.massimonava.it\\\/?s={search_term_string}\"},\"query-input\":{\"@type\":\"PropertyValueSpecification\",\"valueRequired\":true,\"valueName\":\"search_term_string\"}}],\"inLanguage\":\"it-IT\"},{\"@type\":[\"Person\",\"Organization\"],\"@id\":\"https:\\\/\\\/www.massimonava.it\\\/#\\\/schema\\\/person\\\/99c74b9deed0ff5d5bcd4addb7fba497\",\"name\":\"Massimo Nava\",\"image\":{\"@type\":\"ImageObject\",\"inLanguage\":\"it-IT\",\"@id\":\"https:\\\/\\\/www.massimonava.it\\\/wp-content\\\/uploads\\\/2022\\\/10\\\/massimo_nava.jpg\",\"url\":\"https:\\\/\\\/www.massimonava.it\\\/wp-content\\\/uploads\\\/2022\\\/10\\\/massimo_nava.jpg\",\"contentUrl\":\"https:\\\/\\\/www.massimonava.it\\\/wp-content\\\/uploads\\\/2022\\\/10\\\/massimo_nava.jpg\",\"width\":664,\"height\":664,\"caption\":\"Massimo Nava\"},\"logo\":{\"@id\":\"https:\\\/\\\/www.massimonava.it\\\/wp-content\\\/uploads\\\/2022\\\/10\\\/massimo_nava.jpg\"},\"sameAs\":[\"https:\\\/\\\/www.facebook.com\\\/navamassimo50\\\/\"]}]}<\/script>\n<!-- \/ Yoast SEO plugin. -->","yoast_head_json":{"title":"Massimo Nava | Editorialista per il Corriere della Sera | Scrittore di saggi e romanzi","description":"Massimo Nava, giornalista ed editorialista per il Corriere della Sera. Inviato speciale e corrispondente di guerra. Scrittore di saggi e romanzi.","robots":{"index":"index","follow":"follow","max-snippet":"max-snippet:-1","max-image-preview":"max-image-preview:large","max-video-preview":"max-video-preview:-1"},"canonical":"https:\/\/www.massimonava.it\/","og_locale":"it_IT","og_type":"article","og_title":"Massimo Nava | Editorialista per il Corriere della Sera | Scrittore di saggi e romanzi","og_description":"Massimo Nava, giornalista ed editorialista per il Corriere della Sera. Inviato speciale e corrispondente di guerra. Scrittore di saggi e romanzi.","og_url":"https:\/\/www.massimonava.it\/","og_site_name":"Massimo Nava","article_publisher":"https:\/\/www.facebook.com\/navamassimo50\/","article_modified_time":"2021-08-01T15:12:04+00:00","og_image":[{"url":"https:\/\/www.massimonava.it\/wp-content\/uploads\/2014\/11\/facebook-massimo-nava-banner.jpg","type":"","width":"","height":""}],"twitter_misc":{"Tempo di lettura stimato":"8 minuti"},"schema":{"@context":"https:\/\/schema.org","@graph":[{"@type":"WebPage","@id":"https:\/\/www.massimonava.it\/","url":"https:\/\/www.massimonava.it\/","name":"Massimo Nava | Editorialista per il Corriere della Sera | Scrittore di saggi e romanzi","isPartOf":{"@id":"https:\/\/www.massimonava.it\/#website"},"primaryImageOfPage":{"@id":"https:\/\/www.massimonava.it\/#primaryimage"},"image":{"@id":"https:\/\/www.massimonava.it\/#primaryimage"},"thumbnailUrl":"https:\/\/www.massimonava.it\/wp-content\/uploads\/2014\/11\/facebook-massimo-nava-banner.jpg","datePublished":"2014-11-19T15:14:03+00:00","dateModified":"2021-08-01T15:12:04+00:00","description":"Massimo Nava, giornalista ed editorialista per il Corriere della Sera. Inviato speciale e corrispondente di guerra. Scrittore di saggi e romanzi.","breadcrumb":{"@id":"https:\/\/www.massimonava.it\/#breadcrumb"},"inLanguage":"it-IT","potentialAction":[{"@type":"ReadAction","target":["https:\/\/www.massimonava.it\/"]}]},{"@type":"ImageObject","inLanguage":"it-IT","@id":"https:\/\/www.massimonava.it\/#primaryimage","url":"https:\/\/www.massimonava.it\/wp-content\/uploads\/2014\/11\/facebook-massimo-nava-banner.jpg","contentUrl":"https:\/\/www.massimonava.it\/wp-content\/uploads\/2014\/11\/facebook-massimo-nava-banner.jpg","width":600,"height":60},{"@type":"BreadcrumbList","@id":"https:\/\/www.massimonava.it\/#breadcrumb","itemListElement":[{"@type":"ListItem","position":1,"name":"Home","item":"https:\/\/www.massimonava.it\/"},{"@type":"ListItem","position":2,"name":"Home"}]},{"@type":"WebSite","@id":"https:\/\/www.massimonava.it\/#website","url":"https:\/\/www.massimonava.it\/","name":"Massimo Nava","description":"in diretta","publisher":{"@id":"https:\/\/www.massimonava.it\/#\/schema\/person\/99c74b9deed0ff5d5bcd4addb7fba497"},"potentialAction":[{"@type":"SearchAction","target":{"@type":"EntryPoint","urlTemplate":"https:\/\/www.massimonava.it\/?s={search_term_string}"},"query-input":{"@type":"PropertyValueSpecification","valueRequired":true,"valueName":"search_term_string"}}],"inLanguage":"it-IT"},{"@type":["Person","Organization"],"@id":"https:\/\/www.massimonava.it\/#\/schema\/person\/99c74b9deed0ff5d5bcd4addb7fba497","name":"Massimo Nava","image":{"@type":"ImageObject","inLanguage":"it-IT","@id":"https:\/\/www.massimonava.it\/wp-content\/uploads\/2022\/10\/massimo_nava.jpg","url":"https:\/\/www.massimonava.it\/wp-content\/uploads\/2022\/10\/massimo_nava.jpg","contentUrl":"https:\/\/www.massimonava.it\/wp-content\/uploads\/2022\/10\/massimo_nava.jpg","width":664,"height":664,"caption":"Massimo Nava"},"logo":{"@id":"https:\/\/www.massimonava.it\/wp-content\/uploads\/2022\/10\/massimo_nava.jpg"},"sameAs":["https:\/\/www.facebook.com\/navamassimo50\/"]}]}},"_links":{"self":[{"href":"https:\/\/www.massimonava.it\/index.php?rest_route=\/wp\/v2\/pages\/10709","targetHints":{"allow":["GET"]}}],"collection":[{"href":"https:\/\/www.massimonava.it\/index.php?rest_route=\/wp\/v2\/pages"}],"about":[{"href":"https:\/\/www.massimonava.it\/index.php?rest_route=\/wp\/v2\/types\/page"}],"author":[{"embeddable":true,"href":"https:\/\/www.massimonava.it\/index.php?rest_route=\/wp\/v2\/users\/1"}],"replies":[{"embeddable":true,"href":"https:\/\/www.massimonava.it\/index.php?rest_route=%2Fwp%2Fv2%2Fcomments&post=10709"}],"version-history":[{"count":0,"href":"https:\/\/www.massimonava.it\/index.php?rest_route=\/wp\/v2\/pages\/10709\/revisions"}],"wp:attachment":[{"href":"https:\/\/www.massimonava.it\/index.php?rest_route=%2Fwp%2Fv2%2Fmedia&parent=10709"}],"curies":[{"name":"wp","href":"https:\/\/api.w.org\/{rel}","templated":true}]}}